{"id":7,"date":"2015-05-08T16:55:28","date_gmt":"2015-05-08T16:55:28","guid":{"rendered":"http:\/\/avada.theme-fusion.com\/modern-shop\/?page_id=7"},"modified":"2022-07-21T13:41:15","modified_gmt":"2022-07-21T13:41:15","slug":"home","status":"publish","type":"page","link":"https:\/\/dinter-deko.de\/","title":{"rendered":"Home"},"content":{"rendered":"<div class=\"fusion-fullwidth fullwidth-box fusion-builder-row-1 fusion-flex-container nonhundred-percent-fullwidth non-hundred-percent-height-scrolling\" style=\"--awb-background-position:left top;--awb-border-radius-top-left:0px;--awb-border-radius-top-right:0px;--awb-border-radius-bottom-right:0px;--awb-border-radius-bottom-left:0px;--awb-padding-top:20px;--awb-padding-bottom:20px;--awb-background-color:#282828;--awb-border-sizes-top:0px;--awb-border-sizes-bottom:0px;--awb-flex-wrap:wrap;\" ><div class=\"fusion-builder-row fusion-row fusion-flex-align-items-flex-start fusion-flex-content-wrap\" style=\"max-width:calc( 1170px + 0px );margin-left: calc(-0px \/ 2 );margin-right: calc(-0px \/ 2 );\"><div class=\"fusion-layout-column fusion_builder_column fusion-builder-column-0 fusion_builder_column_1_1 1_1 fusion-flex-column fusion-flex-align-self-flex-start fusion-column-no-min-height\" style=\"--awb-bg-size:cover;--awb-width-large:100%;--awb-margin-top-large:0px;--awb-spacing-right-large:0px;--awb-margin-bottom-large:0px;--awb-spacing-left-large:0px;--awb-width-medium:100%;--awb-spacing-right-medium:0px;--awb-spacing-left-medium:0px;--awb-width-small:100%;--awb-spacing-right-small:0px;--awb-spacing-left-small:0px;\"><div class=\"fusion-column-wrapper fusion-flex-justify-content-flex-start fusion-content-layout-column\"><div class=\"fusion-separator fusion-full-width-sep\" style=\"align-self: center;margin-left: auto;margin-right: auto;width:100%;\"><\/div><\/div><\/div><\/div><\/div><div class=\"fusion-fullwidth fullwidth-box fusion-builder-row-2 fusion-flex-container hundred-percent-fullwidth non-hundred-percent-height-scrolling\" style=\"--awb-border-radius-top-left:0px;--awb-border-radius-top-right:0px;--awb-border-radius-bottom-right:0px;--awb-border-radius-bottom-left:0px;--awb-overflow:visible;--awb-padding-right:30px;--awb-padding-left:30px;--awb-flex-wrap:wrap;\" ><div class=\"fusion-builder-row fusion-row fusion-flex-align-items-flex-start fusion-flex-content-wrap\" style=\"width:calc( 100% + 0px ) !important;max-width:calc( 100% + 0px ) !important;margin-left: calc(-0px \/ 2 );margin-right: calc(-0px \/ 2 );\"><div class=\"fusion-layout-column fusion_builder_column fusion-builder-column-1 fusion_builder_column_1_1 1_1 fusion-flex-column\" style=\"--awb-bg-size:cover;--awb-width-large:100%;--awb-margin-top-large:0px;--awb-spacing-right-large:0px;--awb-margin-bottom-large:20px;--awb-spacing-left-large:0px;--awb-width-medium:100%;--awb-spacing-right-medium:0px;--awb-spacing-left-medium:0px;--awb-width-small:100%;--awb-spacing-right-small:0px;--awb-spacing-left-small:0px;\"><div class=\"fusion-column-wrapper fusion-flex-justify-content-flex-start fusion-content-layout-column\"><\/div><\/div><\/div><\/div><div class=\"fusion-fullwidth fullwidth-box fusion-builder-row-3 fusion-flex-container nonhundred-percent-fullwidth non-hundred-percent-height-scrolling\" style=\"--awb-background-position:left top;--awb-border-radius-top-left:0px;--awb-border-radius-top-right:0px;--awb-border-radius-bottom-right:0px;--awb-border-radius-bottom-left:0px;--awb-padding-top:0px;--awb-padding-bottom:125px;--awb-background-color:#dddddd;--awb-border-sizes-top:0px;--awb-border-sizes-bottom:0px;--awb-flex-wrap:wrap;\" ><div class=\"fusion-builder-row fusion-row fusion-flex-align-items-flex-start fusion-flex-content-wrap\" style=\"max-width:1216.8px;margin-left: calc(-4% \/ 2 );margin-right: calc(-4% \/ 2 );\"><div class=\"fusion-layout-column fusion_builder_column fusion-builder-column-2 fusion_builder_column_1_6 1_6 fusion-flex-column\" style=\"--awb-bg-size:cover;--awb-width-large:16.666666666667%;--awb-margin-top-large:0px;--awb-spacing-right-large:11.52%;--awb-margin-bottom-large:20px;--awb-spacing-left-large:11.52%;--awb-width-medium:16.666666666667%;--awb-spacing-right-medium:11.52%;--awb-spacing-left-medium:11.52%;--awb-width-small:100%;--awb-spacing-right-small:1.92%;--awb-spacing-left-small:1.92%;\"><div class=\"fusion-column-wrapper fusion-flex-justify-content-flex-start fusion-content-layout-column\"><\/div><\/div><div class=\"fusion-layout-column fusion_builder_column fusion-builder-column-3 fusion_builder_column_2_3 2_3 fusion-flex-column\" style=\"--awb-bg-color:#ddddddd;--awb-bg-color-hover:#ddddddd;--awb-bg-size:cover;--awb-width-large:66.666666666667%;--awb-margin-top-large:0px;--awb-spacing-right-large:2.88%;--awb-margin-bottom-large:20px;--awb-spacing-left-large:2.88%;--awb-width-medium:66.666666666667%;--awb-spacing-right-medium:2.88%;--awb-spacing-left-medium:2.88%;--awb-width-small:100%;--awb-spacing-right-small:1.92%;--awb-spacing-left-small:1.92%;\"><div class=\"fusion-column-wrapper fusion-flex-justify-content-flex-start fusion-content-layout-column\"><div class=\"fusion-text fusion-text-1\"><h4 style=\"text-align: center;\"><strong><span style=\"color: #6d2a63;\">WILLKOMMEN BEI DINTER DEKO<\/span><\/strong><\/h4>\n<\/div><div class=\"fusion-separator\" style=\"align-self: center;margin-left: auto;margin-right: auto;margin-top:5px;margin-bottom:0px;width:100%;max-width:30px;\"><div class=\"fusion-separator-border sep-single sep-solid\" style=\"--awb-height:20px;--awb-amount:20px;--awb-sep-color:#999999;border-color:#999999;border-top-width:1px;\"><\/div><\/div><div class=\"fusion-text fusion-text-2\"><h2 style=\"text-align: center;\"><span style=\"color: #000000;\"><strong><em>Versuchungen sollte man nachgeben.<\/em><\/strong><\/span><\/h2>\n<h2 style=\"text-align: center;\"><span style=\"color: #000000;\"><strong><em>Wer wei\u00df, ob sie&nbsp;wiederkommen!<\/em><\/strong><\/span><\/h2>\n<h3 style=\"text-align: right;\">Oscar Wilde<\/h3>\n<\/div><\/div><\/div><div class=\"fusion-layout-column fusion_builder_column fusion-builder-column-4 fusion_builder_column_1_6 1_6 fusion-flex-column\" style=\"--awb-bg-size:cover;--awb-width-large:16.666666666667%;--awb-margin-top-large:0px;--awb-spacing-right-large:11.52%;--awb-margin-bottom-large:20px;--awb-spacing-left-large:11.52%;--awb-width-medium:16.666666666667%;--awb-spacing-right-medium:11.52%;--awb-spacing-left-medium:11.52%;--awb-width-small:100%;--awb-spacing-right-small:1.92%;--awb-spacing-left-small:1.92%;\"><div class=\"fusion-column-wrapper fusion-flex-justify-content-flex-start fusion-content-layout-column\"><\/div><\/div><div class=\"fusion-layout-column fusion_builder_column fusion-builder-column-5 fusion_builder_column_1_1 1_1 fusion-flex-column fusion-flex-align-self-flex-start fusion-column-no-min-height\" style=\"--awb-bg-size:cover;--awb-width-large:100%;--awb-margin-top-large:0px;--awb-spacing-right-large:1.92%;--awb-margin-bottom-large:0px;--awb-spacing-left-large:1.92%;--awb-width-medium:100%;--awb-spacing-right-medium:1.92%;--awb-spacing-left-medium:1.92%;--awb-width-small:100%;--awb-spacing-right-small:1.92%;--awb-spacing-left-small:1.92%;\"><div class=\"fusion-column-wrapper fusion-flex-justify-content-flex-start fusion-content-layout-column\"><div class=\"fusion-image-carousel fusion-image-carousel-auto fusion-image-carousel-1 lightbox-enabled\"><div class=\"awb-carousel awb-swiper awb-swiper-carousel awb-carousel--carousel awb-swiper-dots-position-bottom\" data-layout=\"carousel\" data-autoplay=\"yes\" data-autoplayspeed=\"2500\" data-autoplaypause=\"no\" data-columns=\"6\" data-columnsmedium=\"1\" data-columnssmall=\"1\" data-itemmargin=\"40\" data-itemwidth=\"180\" data-touchscroll=\"no\" data-freemode=\"no\" data-imagesize=\"auto\" data-scrollitems=\"1\" data-centeredslides=\"no\" data-rotationangle=\"50\" data-depth=\"100\" data-speed=\"500\" data-shadow=\"no\" data-pagination=\"bullets\" style=\"--awb-columns:6;--awb-column-spacing:40px;\"><div class=\"swiper-wrapper awb-image-carousel-wrapper fusion-flex-align-items-center\"><div class=\"swiper-slide\"><div class=\"fusion-carousel-item-wrapper\"><div class=\"fusion-image-wrapper hover-type-liftup\"><a data-rel=\"iLightbox[image_carousel_1]\" data-title=\"P1030118_Fotor090502090513\" aria-label=\"P1030118_Fotor090502090513\" href=\"https:\/\/dinter-deko.de\/wp-content\/uploads\/2016\/10\/P1030118_Fotor090502090513-1024x415.jpg\" target=\"_self\"><img decoding=\"async\" width=\"1228\" height=\"498\" src=\"https:\/\/dinter-deko.de\/wp-content\/uploads\/2016\/10\/P1030118_Fotor090502090513.jpg\" class=\"attachment-full size-full\" alt=\"\" srcset=\"https:\/\/dinter-deko.de\/wp-content\/uploads\/2016\/10\/P1030118_Fotor090502090513-200x81.jpg 200w, https:\/\/dinter-deko.de\/wp-content\/uploads\/2016\/10\/P1030118_Fotor090502090513-400x162.jpg 400w, https:\/\/dinter-deko.de\/wp-content\/uploads\/2016\/10\/P1030118_Fotor090502090513-600x243.jpg 600w, https:\/\/dinter-deko.de\/wp-content\/uploads\/2016\/10\/P1030118_Fotor090502090513-800x324.jpg 800w, https:\/\/dinter-deko.de\/wp-content\/uploads\/2016\/10\/P1030118_Fotor090502090513-1200x487.jpg 1200w, https:\/\/dinter-deko.de\/wp-content\/uploads\/2016\/10\/P1030118_Fotor090502090513.jpg 1228w\" sizes=\"(min-width: 2200px) 100vw, (min-width: 1099px) 162px, (min-width: 1007px) 194px, (min-width: 915px) 243px, (min-width: 824px) 323px, (min-width: 732px) 485px, (min-width: 640px) 732px, \" \/><\/a><\/div><\/div><\/div><div class=\"swiper-slide\"><div class=\"fusion-carousel-item-wrapper\"><div class=\"fusion-image-wrapper hover-type-liftup\"><a data-rel=\"iLightbox[image_carousel_1]\" data-title=\"P1030114_Fotor090523\" aria-label=\"P1030114_Fotor090523\" href=\"https:\/\/dinter-deko.de\/wp-content\/uploads\/2016\/10\/P1030114_Fotor090523-1024x676.jpg\" target=\"_self\"><img decoding=\"async\" width=\"1323\" height=\"874\" src=\"https:\/\/dinter-deko.de\/wp-content\/uploads\/2016\/10\/P1030114_Fotor090523.jpg\" class=\"attachment-full size-full\" alt=\"\" srcset=\"https:\/\/dinter-deko.de\/wp-content\/uploads\/2016\/10\/P1030114_Fotor090523-200x132.jpg 200w, https:\/\/dinter-deko.de\/wp-content\/uploads\/2016\/10\/P1030114_Fotor090523-400x264.jpg 400w, https:\/\/dinter-deko.de\/wp-content\/uploads\/2016\/10\/P1030114_Fotor090523-600x396.jpg 600w, https:\/\/dinter-deko.de\/wp-content\/uploads\/2016\/10\/P1030114_Fotor090523-800x528.jpg 800w, https:\/\/dinter-deko.de\/wp-content\/uploads\/2016\/10\/P1030114_Fotor090523-1200x793.jpg 1200w, https:\/\/dinter-deko.de\/wp-content\/uploads\/2016\/10\/P1030114_Fotor090523.jpg 1323w\" sizes=\"(min-width: 2200px) 100vw, (min-width: 1099px) 162px, (min-width: 1007px) 194px, (min-width: 915px) 243px, (min-width: 824px) 323px, (min-width: 732px) 485px, (min-width: 640px) 732px, \" \/><\/a><\/div><\/div><\/div><div class=\"swiper-slide\"><div class=\"fusion-carousel-item-wrapper\"><div class=\"fusion-image-wrapper hover-type-liftup\"><a data-rel=\"iLightbox[image_carousel_1]\" href=\"http:\/\/dinter-deko.de\/wp-content\/uploads\/2015\/05\/freunde3-300x282.jpg\" target=\"_self\"><img decoding=\"async\" src=\"http:\/\/dinter-deko.de\/wp-content\/uploads\/2015\/05\/freunde3-300x282.jpg\" alt=\"\"\/><\/a><\/div><\/div><\/div><div class=\"swiper-slide\"><div class=\"fusion-carousel-item-wrapper\"><div class=\"fusion-image-wrapper hover-type-liftup\"><a data-rel=\"iLightbox[image_carousel_1]\" href=\"http:\/\/dinter-deko.de\/wp-content\/uploads\/2015\/05\/home1-300x205.jpg\" target=\"_self\"><img decoding=\"async\" src=\"http:\/\/dinter-deko.de\/wp-content\/uploads\/2015\/05\/home1-300x205.jpg\" alt=\"\"\/><\/a><\/div><\/div><\/div><div class=\"swiper-slide\"><div class=\"fusion-carousel-item-wrapper\"><div class=\"fusion-image-wrapper hover-type-liftup\"><a data-rel=\"iLightbox[image_carousel_1]\" href=\"http:\/\/dinter-deko.de\/wp-content\/uploads\/2016\/10\/cropped-D90A2289-300x200.jpg\" target=\"_self\"><img decoding=\"async\" src=\"http:\/\/dinter-deko.de\/wp-content\/uploads\/2016\/10\/cropped-D90A2289-300x200.jpg\" alt=\"\"\/><\/a><\/div><\/div><\/div><div class=\"swiper-slide\"><div class=\"fusion-carousel-item-wrapper\"><div class=\"fusion-image-wrapper hover-type-liftup\"><a data-rel=\"iLightbox[image_carousel_1]\" data-title=\"P1030136_Fotor090508\" aria-label=\"P1030136_Fotor090508\" href=\"https:\/\/dinter-deko.de\/wp-content\/uploads\/2016\/10\/P1030136_Fotor090508-1024x772.jpg\" target=\"_self\"><img decoding=\"async\" width=\"1347\" height=\"1015\" src=\"https:\/\/dinter-deko.de\/wp-content\/uploads\/2016\/10\/P1030136_Fotor090508.jpg\" class=\"attachment-full size-full\" alt=\"\" srcset=\"https:\/\/dinter-deko.de\/wp-content\/uploads\/2016\/10\/P1030136_Fotor090508-200x151.jpg 200w, https:\/\/dinter-deko.de\/wp-content\/uploads\/2016\/10\/P1030136_Fotor090508-400x301.jpg 400w, https:\/\/dinter-deko.de\/wp-content\/uploads\/2016\/10\/P1030136_Fotor090508-600x452.jpg 600w, https:\/\/dinter-deko.de\/wp-content\/uploads\/2016\/10\/P1030136_Fotor090508-800x603.jpg 800w, https:\/\/dinter-deko.de\/wp-content\/uploads\/2016\/10\/P1030136_Fotor090508-1200x904.jpg 1200w, https:\/\/dinter-deko.de\/wp-content\/uploads\/2016\/10\/P1030136_Fotor090508.jpg 1347w\" sizes=\"(min-width: 2200px) 100vw, (min-width: 1099px) 162px, (min-width: 1007px) 194px, (min-width: 915px) 243px, (min-width: 824px) 323px, (min-width: 732px) 485px, (min-width: 640px) 732px, \" \/><\/a><\/div><\/div><\/div><div class=\"swiper-slide\"><div class=\"fusion-carousel-item-wrapper\"><div class=\"fusion-image-wrapper hover-type-liftup\"><a data-rel=\"iLightbox[image_carousel_1]\" href=\"http:\/\/dinter-deko.de\/wp-content\/uploads\/2016\/10\/D90A2256-300x200.jpg\" target=\"_self\"><img decoding=\"async\" src=\"http:\/\/dinter-deko.de\/wp-content\/uploads\/2016\/10\/D90A2256-300x200.jpg\" alt=\"\"\/><\/a><\/div><\/div><\/div><div class=\"swiper-slide\"><div class=\"fusion-carousel-item-wrapper\"><div class=\"fusion-image-wrapper hover-type-liftup\"><a data-rel=\"iLightbox[image_carousel_1]\" data-title=\"P1030134_Fotor090508\" aria-label=\"P1030134_Fotor090508\" href=\"https:\/\/dinter-deko.de\/wp-content\/uploads\/2016\/10\/P1030134_Fotor090508-1024x648.jpg\" target=\"_self\"><img decoding=\"async\" width=\"1192\" height=\"754\" src=\"https:\/\/dinter-deko.de\/wp-content\/uploads\/2016\/10\/P1030134_Fotor090508.jpg\" class=\"attachment-full size-full\" alt=\"\" srcset=\"https:\/\/dinter-deko.de\/wp-content\/uploads\/2016\/10\/P1030134_Fotor090508-200x127.jpg 200w, https:\/\/dinter-deko.de\/wp-content\/uploads\/2016\/10\/P1030134_Fotor090508-400x253.jpg 400w, https:\/\/dinter-deko.de\/wp-content\/uploads\/2016\/10\/P1030134_Fotor090508-600x380.jpg 600w, https:\/\/dinter-deko.de\/wp-content\/uploads\/2016\/10\/P1030134_Fotor090508-800x506.jpg 800w, https:\/\/dinter-deko.de\/wp-content\/uploads\/2016\/10\/P1030134_Fotor090508.jpg 1192w\" sizes=\"(min-width: 2200px) 100vw, (min-width: 1099px) 162px, (min-width: 1007px) 194px, (min-width: 915px) 243px, (min-width: 824px) 323px, (min-width: 732px) 485px, (min-width: 640px) 732px, \" \/><\/a><\/div><\/div><\/div><\/div><div class=\"awb-swiper-button awb-swiper-button-prev\"><i class=\"awb-icon-angle-left\" aria-hidden=\"true\"><\/i><\/div><div class=\"awb-swiper-button awb-swiper-button-next\"><i class=\"awb-icon-angle-right\" aria-hidden=\"true\"><\/i><\/div><\/div><\/div><div class=\"fusion-separator\" style=\"align-self: center;margin-left: auto;margin-right: auto;margin-top:20px;width:100%;max-width:170px;\"><\/div><\/div><\/div><div class=\"fusion-layout-column fusion_builder_column fusion-builder-column-6 fusion_builder_column_1_1 1_1 fusion-flex-column\" style=\"--awb-bg-color:#ddddddd;--awb-bg-color-hover:#ddddddd;--awb-bg-size:cover;--awb-width-large:100%;--awb-margin-top-large:0px;--awb-spacing-right-large:1.92%;--awb-margin-bottom-large:20px;--awb-spacing-left-large:1.92%;--awb-width-medium:100%;--awb-spacing-right-medium:1.92%;--awb-spacing-left-medium:1.92%;--awb-width-small:100%;--awb-spacing-right-small:1.92%;--awb-spacing-left-small:1.92%;\"><div class=\"fusion-column-wrapper fusion-flex-justify-content-flex-start fusion-content-layout-column\"><div class=\"fusion-text fusion-text-3\"><h2 style=\"text-align: center;\">Individuell f\u00fcr meine Kunden !<\/h2>\n<\/div><\/div><\/div><\/div><\/div><div class=\"fusion-bg-parallax\" data-bg-align=\"center center\" data-direction=\"up\" data-mute=\"false\" data-opacity=\"100\" data-velocity=\"-0.7\" data-mobile-enabled=\"false\" data-break_parents=\"0\" data-bg-image=\"http:\/\/dinter-deko.de\/wp-content\/uploads\/2016\/10\/Collage_homefarbeFotorstartseite_Fotor-1024x796.jpg\" data-bg-repeat=\"false\" data-bg-color=\"#93148f\" ><\/div><div class=\"fusion-fullwidth fullwidth-box fusion-builder-row-4 fusion-flex-container fusion-parallax-up nonhundred-percent-fullwidth non-hundred-percent-height-scrolling\" style=\"--awb-border-color:#961cb5;--awb-border-radius-top-left:0px;--awb-border-radius-top-right:0px;--awb-border-radius-bottom-right:0px;--awb-border-radius-bottom-left:0px;--awb-padding-top:110px;--awb-padding-bottom:115px;--awb-background-color:#93148f;--awb-background-image:url(&quot;http:\/\/dinter-deko.de\/wp-content\/uploads\/2016\/10\/Collage_homefarbeFotorstartseite_Fotor-1024x796.jpg&quot;);--awb-background-size:cover;--awb-border-sizes-top:0px;--awb-border-sizes-bottom:0px;--awb-flex-wrap:wrap;\" ><div class=\"fusion-builder-row fusion-row fusion-flex-align-items-flex-start fusion-flex-content-wrap\" style=\"max-width:calc( 1170px + 0px );margin-left: calc(-0px \/ 2 );margin-right: calc(-0px \/ 2 );\"><\/div><\/div><div class=\"fusion-fullwidth fullwidth-box fusion-builder-row-5 fusion-flex-container hundred-percent-fullwidth non-hundred-percent-height-scrolling\" style=\"--awb-background-position:left top;--awb-border-radius-top-left:0px;--awb-border-radius-top-right:0px;--awb-border-radius-bottom-right:0px;--awb-border-radius-bottom-left:0px;--awb-padding-top:0px;--awb-padding-right:0px;--awb-padding-bottom:0px;--awb-padding-left:0px;--awb-background-color:#dddddd;--awb-border-sizes-top:0px;--awb-border-sizes-bottom:0px;--awb-flex-wrap:wrap;\" ><div class=\"fusion-builder-row fusion-row fusion-flex-align-items-stretch fusion-flex-content-wrap\" style=\"width:calc( 100% + 0px ) !important;max-width:calc( 100% + 0px ) !important;margin-left: calc(-0px \/ 2 );margin-right: calc(-0px \/ 2 );\"><div class=\"fusion-layout-column fusion_builder_column fusion-builder-column-7 fusion_builder_column_1_2 1_2 fusion-flex-column\" style=\"--awb-padding-top:70px;--awb-padding-right:100px;--awb-padding-bottom:70px;--awb-padding-left:100px;--awb-bg-color:#dddddd;--awb-bg-color-hover:#dddddd;--awb-bg-size:cover;--awb-border-color:#6d0466;--awb-border-top:0px;--awb-border-right:0px;--awb-border-bottom:0px;--awb-border-left:0px;--awb-border-style:solid;--awb-width-large:50%;--awb-margin-top-large:0px;--awb-spacing-right-large:0px;--awb-margin-bottom-large:0px;--awb-spacing-left-large:0px;--awb-width-medium:50%;--awb-spacing-right-medium:0px;--awb-spacing-left-medium:0px;--awb-width-small:100%;--awb-spacing-right-small:0px;--awb-spacing-left-small:0px;\"><div class=\"fusion-column-wrapper fusion-flex-justify-content-flex-start fusion-content-layout-column\"><div class=\"fusion-text fusion-text-4\"><p style=\"text-align: center;\"><span style=\"color: #000000;\">\u00d6 F F N U N G S Z E I T E N<\/span><\/p>\n<\/div><div class=\"fusion-text fusion-text-5\"><p style=\"text-align: center;\"><span style=\"color: #000000;\">Nach telefonischer oder pers\u00f6nlicher R\u00fccksprache<\/span><\/p>\n<\/div><\/div><\/div><div class=\"fusion-layout-column fusion_builder_column fusion-builder-column-8 fusion_builder_column_1_2 1_2 fusion-flex-column\" style=\"--awb-padding-top:70px;--awb-padding-right:100px;--awb-padding-bottom:70px;--awb-padding-left:100px;--awb-bg-color:#dddddd;--awb-bg-color-hover:#dddddd;--awb-bg-size:cover;--awb-border-color:#6d0466;--awb-border-top:0px;--awb-border-right:0px;--awb-border-bottom:0px;--awb-border-left:0px;--awb-border-style:solid;--awb-width-large:50%;--awb-margin-top-large:0px;--awb-spacing-right-large:0px;--awb-margin-bottom-large:0px;--awb-spacing-left-large:0px;--awb-width-medium:50%;--awb-spacing-right-medium:0px;--awb-spacing-left-medium:0px;--awb-width-small:100%;--awb-spacing-right-small:0px;--awb-spacing-left-small:0px;\"><div class=\"fusion-column-wrapper fusion-flex-justify-content-flex-start fusion-content-layout-column\"><div class=\"fusion-text fusion-text-6\"><p style=\"text-align: center;\"><a href=\"http:\/\/dinter-deko.de\/?page_id=1723\"><span style=\"color: #000000;\">K O N T A K T<\/span><\/a><\/p>\n<\/div><\/div><\/div><\/div><\/div><div class=\"fusion-fullwidth fullwidth-box fusion-builder-row-6 fusion-flex-container hundred-percent-fullwidth non-hundred-percent-height-scrolling\" style=\"--awb-border-radius-top-left:0px;--awb-border-radius-top-right:0px;--awb-border-radius-bottom-right:0px;--awb-border-radius-bottom-left:0px;--awb-overflow:visible;--awb-padding-right:30px;--awb-padding-left:30px;--awb-flex-wrap:wrap;\" ><div class=\"fusion-builder-row fusion-row fusion-flex-align-items-flex-start fusion-flex-content-wrap\" style=\"width:calc( 100% + 0px ) !important;max-width:calc( 100% + 0px ) !important;margin-left: calc(-0px \/ 2 );margin-right: calc(-0px \/ 2 );\"><div class=\"fusion-layout-column fusion_builder_column fusion-builder-column-9 fusion_builder_column_1_1 1_1 fusion-flex-column\" style=\"--awb-bg-size:cover;--awb-width-large:100%;--awb-margin-top-large:0px;--awb-spacing-right-large:0px;--awb-margin-bottom-large:20px;--awb-spacing-left-large:0px;--awb-width-medium:100%;--awb-spacing-right-medium:0px;--awb-spacing-left-medium:0px;--awb-width-small:100%;--awb-spacing-right-small:0px;--awb-spacing-left-small:0px;\"><div class=\"fusion-column-wrapper fusion-flex-justify-content-flex-start fusion-content-layout-column\"><\/div><\/div><\/div><\/div><div class=\"fusion-fullwidth fullwidth-box fusion-builder-row-7 fusion-flex-container nonhundred-percent-fullwidth non-hundred-percent-height-scrolling\" style=\"--awb-background-position:left top;--awb-border-radius-top-left:0px;--awb-border-radius-top-right:0px;--awb-border-radius-bottom-right:0px;--awb-border-radius-bottom-left:0px;--awb-padding-top:20px;--awb-padding-bottom:20px;--awb-border-sizes-top:0px;--awb-border-sizes-bottom:0px;--awb-flex-wrap:wrap;\" ><div class=\"fusion-builder-row fusion-row fusion-flex-align-items-flex-start fusion-flex-content-wrap\" style=\"max-width:calc( 1170px + 0px );margin-left: calc(-0px \/ 2 );margin-right: calc(-0px \/ 2 );\"><\/div><\/div>\n","protected":false},"excerpt":{"rendered":"WILLKOMMEN BEI DINTER DEKO Versuchungen sollte man nachgeben. Wer wei\u00df, ob sie&nbsp;wiederkommen! Oscar Wilde Individuell f\u00fcr meine Kunden ! \u00d6 F F N  [...]","protected":false},"author":3,"featured_media":0,"parent":0,"menu_order":0,"comment_status":"closed","ping_status":"closed","template":"100-width.php","meta":{"ngg_post_thumbnail":0,"footnotes":""},"class_list":["post-7","page","type-page","status-publish","hentry"],"_links":{"self":[{"href":"https:\/\/dinter-deko.de\/index.php?rest_route=\/wp\/v2\/pages\/7","targetHints":{"allow":["GET"]}}],"collection":[{"href":"https:\/\/dinter-deko.de\/index.php?rest_route=\/wp\/v2\/pages"}],"about":[{"href":"https:\/\/dinter-deko.de\/index.php?rest_route=\/wp\/v2\/types\/page"}],"author":[{"embeddable":true,"href":"https:\/\/dinter-deko.de\/index.php?rest_route=\/wp\/v2\/users\/3"}],"replies":[{"embeddable":true,"href":"https:\/\/dinter-deko.de\/index.php?rest_route=%2Fwp%2Fv2%2Fcomments&post=7"}],"version-history":[{"count":72,"href":"https:\/\/dinter-deko.de\/index.php?rest_route=\/wp\/v2\/pages\/7\/revisions"}],"predecessor-version":[{"id":1934,"href":"https:\/\/dinter-deko.de\/index.php?rest_route=\/wp\/v2\/pages\/7\/revisions\/1934"}],"wp:attachment":[{"href":"https:\/\/dinter-deko.de\/index.php?rest_route=%2Fwp%2Fv2%2Fmedia&parent=7"}],"curies":[{"name":"wp","href":"https:\/\/api.w.org\/{rel}","templated":true}]}}